{"id":17368,"date":"2025-07-31T14:45:02","date_gmt":"2025-07-31T17:45:02","guid":{"rendered":"https:\/\/creativecrewagency.com\/?page_id=17368"},"modified":"2025-08-05T21:41:36","modified_gmt":"2025-08-06T00:41:36","slug":"appel-de-soutien","status":"publish","type":"page","link":"https:\/\/creativecrewagency.com\/fr\/appel-de-soutien\/","title":{"rendered":"Appel de soutien"},"content":{"rendered":"<p>[et_pb_section fb_built=\u00a0\u00bb1&Prime; _builder_version=\u00a0\u00bb4.17.4&Prime; _module_preset=\u00a0\u00bbdefault\u00a0\u00bb background_image=\u00a0\u00bbhttps:\/\/creativecrewagency.com\/wp-content\/uploads\/2022\/06\/home-banner.jpg\u00a0\u00bb locked=\u00a0\u00bboff\u00a0\u00bb global_colors_info=\u00a0\u00bb{}\u00a0\u00bb][et_pb_row _builder_version=\u00a0\u00bb4.17.4&Prime; _module_preset=\u00a0\u00bbdefault\u00a0\u00bb max_width=\u00a0\u00bb985px\u00a0\u00bb module_alignment=\u00a0\u00bbcenter\u00a0\u00bb custom_padding=\u00a0\u00bb5vw||5vw||false|false\u00a0\u00bb global_colors_info=\u00a0\u00bb{}\u00a0\u00bb][et_pb_column type=\u00a0\u00bb4_4&Prime; _builder_version=\u00a0\u00bb4.17.4&Prime; _module_preset=\u00a0\u00bbdefault\u00a0\u00bb global_colors_info=\u00a0\u00bb{}\u00a0\u00bb][et_pb_text _builder_version=\u00a0\u00bb4.17.4&Prime; _module_preset=\u00a0\u00bbdefault\u00a0\u00bb text_font_size=\u00a0\u00bb1.5vw\u00a0\u00bb text_line_height=\u00a0\u00bb2vw\u00a0\u00bb header_text_align=\u00a0\u00bbcenter\u00a0\u00bb header_font_size=\u00a0\u00bb3.5vw\u00a0\u00bb text_orientation=\u00a0\u00bbcenter\u00a0\u00bb background_layout=\u00a0\u00bbdark\u00a0\u00bb header_font_size_tablet=\u00a0\u00bb30px\u00a0\u00bb header_font_size_phone=\u00a0\u00bb26px\u00a0\u00bb header_font_size_last_edited=\u00a0\u00bbon|phone\u00a0\u00bb global_colors_info=\u00a0\u00bb{}\u00a0\u00bb]<\/p>\n<h1>Service \u00e0 la client\u00e8le<\/h1>\n<p><\/p>\n<p>&nbsp;<\/p>\n<p>[\/et_pb_text][\/et_pb_column][\/et_pb_row][\/et_pb_section][et_pb_section fb_built=\u00a0\u00bb1&Prime; custom_padding_last_edited=\u00a0\u00bbon|phone\u00a0\u00bb _builder_version=\u00a0\u00bb4.17.6&Prime; _module_preset=\u00a0\u00bbdefault\u00a0\u00bb background_color=\u00a0\u00bb#f4f4f4&Prime; custom_padding_tablet=\u00a0\u00bb0px||0px||false|false\u00a0\u00bb custom_padding_phone=\u00a0\u00bb||0px||false|false\u00a0\u00bb locked=\u00a0\u00bboff\u00a0\u00bb global_colors_info=\u00a0\u00bb{}\u00a0\u00bb][et_pb_row _builder_version=\u00a0\u00bb4.17.6&Prime; _module_preset=\u00a0\u00bbdefault\u00a0\u00bb global_colors_info=\u00a0\u00bb{}\u00a0\u00bb][et_pb_column type=\u00a0\u00bb4_4&Prime; _builder_version=\u00a0\u00bb4.17.6&Prime; _module_preset=\u00a0\u00bbdefault\u00a0\u00bb global_colors_info=\u00a0\u00bb{}\u00a0\u00bb][et_pb_text _builder_version=\u00a0\u00bb4.17.6&Prime; _module_preset=\u00a0\u00bbdefault\u00a0\u00bb header_text_color=\u00a0\u00bb#0092D1&Prime; header_font_size=\u00a0\u00bb34px\u00a0\u00bb header_line_height=\u00a0\u00bb1.3em\u00a0\u00bb header_2_text_color=\u00a0\u00bb#0092D1&Prime; header_2_font_size=\u00a0\u00bb34px\u00a0\u00bb header_2_line_height=\u00a0\u00bb1.3em\u00a0\u00bb header_3_text_color=\u00a0\u00bb#2c8aca\u00a0\u00bb header_3_line_height=\u00a0\u00bb1.2em\u00a0\u00bb custom_margin=\u00a0\u00bb||||false|false\u00a0\u00bb global_colors_info=\u00a0\u00bb{}\u00a0\u00bb]<\/p>\n<h2 style=\"text-align: center;\">R\u00e9servez votre appel de soutien ici.<\/h2>\n<p>[\/et_pb_text][et_pb_code disabled_on=\u00a0\u00bbon|on|on\u00a0\u00bb admin_label=\u00a0\u00bbCalendly Scheduler\u00a0\u00bb _builder_version=\u00a0\u00bb4.18.0&Prime; _module_preset=\u00a0\u00bbdefault\u00a0\u00bb disabled=\u00a0\u00bbon\u00a0\u00bb global_colors_info=\u00a0\u00bb{}\u00a0\u00bb]<!-- Calendly inline widget begin --><!-- [et_pb_line_break_holder] --><\/p>\n<div class=\"calendly-inline-widget\" data-url=\"https:\/\/calendly.com\/d\/d4y-dcx-dqm?text_color=666666&#038;primary_color=0092d1\" style=\"min-width:320px;height:1050px;\"><\/div>\n<p><!-- [et_pb_line_break_holder] --><script type=\"text\/javascript\" src=\"https:\/\/assets.calendly.com\/assets\/external\/widget.js\" async><\/script><!-- [et_pb_line_break_holder] --><!-- Calendly inline widget end -->[\/et_pb_code][et_pb_code disabled_on=\u00a0\u00bboff|off|off\u00a0\u00bb admin_label=\u00a0\u00bbHubSpot Scheduler\u00a0\u00bb _builder_version=\u00a0\u00bb4.18.0&Prime; _module_preset=\u00a0\u00bbdefault\u00a0\u00bb global_colors_info=\u00a0\u00bb{}\u00a0\u00bb]<!-- Start of Meetings Embed Script --><!-- [et_pb_line_break_holder] -->    <\/p>\n<div class=\"meetings-iframe-container\" data-src=\"https:\/\/meetings.hubspot.com\/tim-melanson\/support-call?embed=true\"><\/div>\n<p><!-- [et_pb_line_break_holder] -->    <script type=\"text\/javascript\" src=\"https:\/\/static.hsappstatic.net\/MeetingsEmbed\/ex\/MeetingsEmbedCode.js\"><\/script><!-- [et_pb_line_break_holder] -->  <!-- End of Meetings Embed Script -->[\/et_pb_code][\/et_pb_column][\/et_pb_row][\/et_pb_section][et_pb_section fb_built=\u00a0\u00bb1&Prime; custom_padding_last_edited=\u00a0\u00bbon|phone\u00a0\u00bb _builder_version=\u00a0\u00bb4.19.5&Prime; _module_preset=\u00a0\u00bbdefault\u00a0\u00bb background_color=\u00a0\u00bb#FFFFFF\u00a0\u00bb custom_padding_tablet=\u00a0\u00bb0px||0px||false|false\u00a0\u00bb custom_padding_phone=\u00a0\u00bb||0px||false|false\u00a0\u00bb hover_enabled=\u00a0\u00bb0&Prime; locked=\u00a0\u00bboff\u00a0\u00bb global_colors_info=\u00a0\u00bb{}\u00a0\u00bb disabled_on=\u00a0\u00bbon|on|on\u00a0\u00bb disabled=\u00a0\u00bbon\u00a0\u00bb sticky_enabled=\u00a0\u00bb0&Prime;][et_pb_row _builder_version=\u00a0\u00bb4.17.6&Prime; _module_preset=\u00a0\u00bbdefault\u00a0\u00bb global_colors_info=\u00a0\u00bb{}\u00a0\u00bb][et_pb_column type=\u00a0\u00bb4_4&Prime; _builder_version=\u00a0\u00bb4.17.6&Prime; _module_preset=\u00a0\u00bbdefault\u00a0\u00bb global_colors_info=\u00a0\u00bb{}\u00a0\u00bb][et_pb_text _builder_version=\u00a0\u00bb4.18.0&Prime; _module_preset=\u00a0\u00bbdefault\u00a0\u00bb header_text_color=\u00a0\u00bb#0092D1&Prime; header_font_size=\u00a0\u00bb34px\u00a0\u00bb header_line_height=\u00a0\u00bb1.3em\u00a0\u00bb header_2_text_color=\u00a0\u00bb#0092D1&Prime; header_2_font_size=\u00a0\u00bb34px\u00a0\u00bb header_2_line_height=\u00a0\u00bb1.3em\u00a0\u00bb header_3_text_color=\u00a0\u00bb#2c8aca\u00a0\u00bb header_3_line_height=\u00a0\u00bb1.2em\u00a0\u00bb text_orientation=\u00a0\u00bbcenter\u00a0\u00bb custom_margin=\u00a0\u00bb||||false|false\u00a0\u00bb global_colors_info=\u00a0\u00bb{}\u00a0\u00bb]<\/p>\n<h2 style=\"text-align: center;\">Ouvrir un billet de soutien<\/h2>\n<p><\/p>\n<p>Vous avez un probl\u00e8me qui ne n\u00e9cessite pas d\u2019appel&nbsp;? Dans ce cas, ouvrez simplement un billet et nous nous en occuperons d\u00e8s que possible.<\/p>\n<p>[\/et_pb_text][et_pb_code disabled_on=\u00a0\u00bboff|off|off\u00a0\u00bb admin_label=\u00a0\u00bbHubSpot Scheduler\u00a0\u00bb _builder_version=\u00a0\u00bb4.18.0&Prime; _module_preset=\u00a0\u00bbdefault\u00a0\u00bb text_orientation=\u00a0\u00bbleft\u00a0\u00bb width_tablet=\u00a0\u00bb\u00a0\u00bb width_phone=\u00a0\u00bb100%\u00a0\u00bb width_last_edited=\u00a0\u00bbon|desktop\u00a0\u00bb max_width=\u00a0\u00bb540px\u00a0\u00bb module_alignment=\u00a0\u00bbcenter\u00a0\u00bb global_colors_info=\u00a0\u00bb{}\u00a0\u00bb]<script charset=\"utf-8\" type=\"text\/javascript\" src=\"\/\/js.hsforms.net\/forms\/v2.js\"><\/script><!-- [et_pb_line_break_holder] --><script><!-- [et_pb_line_break_holder] -->  hbspt.forms.create({<!-- [et_pb_line_break_holder] -->    region: \"na1\",<!-- [et_pb_line_break_holder] -->    portalId: \"21904307\",<!-- [et_pb_line_break_holder] -->    formId: \"79b7dba3-ebaa-4d90-8760-e437ceb1ccd9\",<!-- [et_pb_line_break_holder] -->    version: \"V2_PRERELEASE\"<!-- [et_pb_line_break_holder] -->  });<!-- [et_pb_line_break_holder] --><\/script>[\/et_pb_code][\/et_pb_column][\/et_pb_row][\/et_pb_section]<\/p>\n","protected":false},"excerpt":{"rendered":"<p>Service \u00e0 la client\u00e8le&nbsp;R\u00e9servez votre appel de soutien ici.Ouvrir un billet de soutienVous avez un probl\u00e8me qui ne n\u00e9cessite pas d\u2019appel&nbsp;? Dans ce cas, ouvrez simplement un billet et nous nous en occuperons d\u00e8s que possible.<\/p>\n","protected":false},"author":1,"featured_media":5148,"parent":0,"menu_order":0,"comment_status":"closed","ping_status":"closed","template":"","meta":{"_et_pb_use_builder":"on","_et_pb_old_content":"","_et_gb_content_width":"","footnotes":""},"class_list":["post-17368","page","type-page","status-publish","has-post-thumbnail","hentry"],"yoast_head":"<!-- This site is optimized with the Yoast SEO plugin v27.6 - https:\/\/yoast.com\/product\/yoast-seo-wordpress\/ -->\n<title>Creative Crew Agency - Agence de Service Complet - Ce qu\u2019on peut vous offrir<\/title>\n<meta name=\"description\" content=\"Creative Crew b\u00e2ti chaque site web sur mesure selon vos besoins. Suite \u00e0 une consultation avec le client, on se met \u00e0 l\u2019\u0153uvre pour cr\u00e9er un site web qui refl\u00e9tera bien l\u2019image de marque de l\u2019entreprise tout en faisant la promotion des services qu\u2019il offre.\" \/>\n<meta name=\"robots\" content=\"index, follow, max-snippet:-1, max-image-preview:large, max-video-preview:-1\" \/>\n<link rel=\"canonical\" href=\"https:\/\/creativecrewagency.com\/fr\/appel-de-soutien\/\" \/>\n<meta property=\"og:locale\" content=\"fr_FR\" \/>\n<meta property=\"og:type\" content=\"article\" \/>\n<meta property=\"og:title\" content=\"Creative Crew Agency - Agence de Service Complet - Ce qu\u2019on peut vous offrir\" \/>\n<meta property=\"og:description\" content=\"Creative Crew b\u00e2ti chaque site web sur mesure selon vos besoins. Suite \u00e0 une consultation avec le client, on se met \u00e0 l\u2019\u0153uvre pour cr\u00e9er un site web qui refl\u00e9tera bien l\u2019image de marque de l\u2019entreprise tout en faisant la promotion des services qu\u2019il offre.\" \/>\n<meta property=\"og:url\" content=\"https:\/\/creativecrewagency.com\/fr\/appel-de-soutien\/\" \/>\n<meta property=\"og:site_name\" content=\"Creative Crew Agency\" \/>\n<meta property=\"article:publisher\" content=\"https:\/\/www.facebook.com\/creativecrewagency\" \/>\n<meta property=\"article:modified_time\" content=\"2025-08-06T00:41:36+00:00\" \/>\n<meta property=\"og:image\" content=\"https:\/\/creativecrewagency.com\/wp-content\/uploads\/2019\/11\/creative-crew-agency.jpg\" \/>\n\t<meta property=\"og:image:width\" content=\"1200\" \/>\n\t<meta property=\"og:image:height\" content=\"628\" \/>\n\t<meta property=\"og:image:type\" content=\"image\/jpeg\" \/>\n<meta name=\"twitter:card\" content=\"summary_large_image\" \/>\n<meta name=\"twitter:site\" content=\"@CreativeCrewAg1\" \/>\n<meta name=\"twitter:label1\" content=\"Dur\u00e9e de lecture estim\u00e9e\" \/>\n\t<meta name=\"twitter:data1\" content=\"3 minutes\" \/>\n<script type=\"application\/ld+json\" class=\"yoast-schema-graph\">{\"@context\":\"https:\\\/\\\/schema.org\",\"@graph\":[{\"@type\":\"WebPage\",\"@id\":\"https:\\\/\\\/creativecrewagency.com\\\/fr\\\/appel-de-soutien\\\/\",\"url\":\"https:\\\/\\\/creativecrewagency.com\\\/fr\\\/appel-de-soutien\\\/\",\"name\":\"Creative Crew Agency - Agence de Service Complet - Ce qu\u2019on peut vous offrir\",\"isPartOf\":{\"@id\":\"https:\\\/\\\/creativecrewagency.com\\\/fr\\\/?lang=fr\\\/#website\"},\"primaryImageOfPage\":{\"@id\":\"https:\\\/\\\/creativecrewagency.com\\\/fr\\\/appel-de-soutien\\\/#primaryimage\"},\"image\":{\"@id\":\"https:\\\/\\\/creativecrewagency.com\\\/fr\\\/appel-de-soutien\\\/#primaryimage\"},\"thumbnailUrl\":\"https:\\\/\\\/creativecrewagency.com\\\/wp-content\\\/uploads\\\/2019\\\/11\\\/creative-crew-agency.jpg\",\"datePublished\":\"2025-07-31T17:45:02+00:00\",\"dateModified\":\"2025-08-06T00:41:36+00:00\",\"description\":\"Creative Crew b\u00e2ti chaque site web sur mesure selon vos besoins. Suite \u00e0 une consultation avec le client, on se met \u00e0 l\u2019\u0153uvre pour cr\u00e9er un site web qui refl\u00e9tera bien l\u2019image de marque de l\u2019entreprise tout en faisant la promotion des services qu\u2019il offre.\",\"breadcrumb\":{\"@id\":\"https:\\\/\\\/creativecrewagency.com\\\/fr\\\/appel-de-soutien\\\/#breadcrumb\"},\"inLanguage\":\"fr-FR\",\"potentialAction\":[{\"@type\":\"ReadAction\",\"target\":[\"https:\\\/\\\/creativecrewagency.com\\\/fr\\\/appel-de-soutien\\\/\"]}]},{\"@type\":\"ImageObject\",\"inLanguage\":\"fr-FR\",\"@id\":\"https:\\\/\\\/creativecrewagency.com\\\/fr\\\/appel-de-soutien\\\/#primaryimage\",\"url\":\"https:\\\/\\\/creativecrewagency.com\\\/wp-content\\\/uploads\\\/2019\\\/11\\\/creative-crew-agency.jpg\",\"contentUrl\":\"https:\\\/\\\/creativecrewagency.com\\\/wp-content\\\/uploads\\\/2019\\\/11\\\/creative-crew-agency.jpg\",\"width\":1200,\"height\":628,\"caption\":\"opengraph image\"},{\"@type\":\"BreadcrumbList\",\"@id\":\"https:\\\/\\\/creativecrewagency.com\\\/fr\\\/appel-de-soutien\\\/#breadcrumb\",\"itemListElement\":[{\"@type\":\"ListItem\",\"position\":1,\"name\":\"Home\",\"item\":\"https:\\\/\\\/creativecrewagency.com\\\/fr\\\/\"},{\"@type\":\"ListItem\",\"position\":2,\"name\":\"Appel de soutien\"}]},{\"@type\":\"WebSite\",\"@id\":\"https:\\\/\\\/creativecrewagency.com\\\/fr\\\/?lang=fr\\\/#website\",\"url\":\"https:\\\/\\\/creativecrewagency.com\\\/fr\\\/?lang=fr\\\/\",\"name\":\"Creative Crew Agency\",\"description\":\"Virtual Design &amp; Marketing Agency\",\"publisher\":{\"@id\":\"https:\\\/\\\/creativecrewagency.com\\\/fr\\\/?lang=fr\\\/#organization\"},\"potentialAction\":[{\"@type\":\"SearchAction\",\"target\":{\"@type\":\"EntryPoint\",\"urlTemplate\":\"https:\\\/\\\/creativecrewagency.com\\\/fr\\\/?lang=fr\\\/?s={search_term_string}\"},\"query-input\":{\"@type\":\"PropertyValueSpecification\",\"valueRequired\":true,\"valueName\":\"search_term_string\"}}],\"inLanguage\":\"fr-FR\"},{\"@type\":\"Organization\",\"@id\":\"https:\\\/\\\/creativecrewagency.com\\\/fr\\\/?lang=fr\\\/#organization\",\"name\":\"Creative Crew Agency\",\"url\":\"https:\\\/\\\/creativecrewagency.com\\\/fr\\\/?lang=fr\\\/\",\"logo\":{\"@type\":\"ImageObject\",\"inLanguage\":\"fr-FR\",\"@id\":\"https:\\\/\\\/creativecrewagency.com\\\/fr\\\/?lang=fr\\\/#\\\/schema\\\/logo\\\/image\\\/\",\"url\":\"https:\\\/\\\/creativecrewagency.com\\\/wp-content\\\/uploads\\\/2016\\\/03\\\/67687879_585045168689616_4317583339650285568_n-1.png\",\"contentUrl\":\"https:\\\/\\\/creativecrewagency.com\\\/wp-content\\\/uploads\\\/2016\\\/03\\\/67687879_585045168689616_4317583339650285568_n-1.png\",\"width\":\"512\",\"height\":\"512\",\"caption\":\"Creative Crew Agency\"},\"image\":{\"@id\":\"https:\\\/\\\/creativecrewagency.com\\\/fr\\\/?lang=fr\\\/#\\\/schema\\\/logo\\\/image\\\/\"},\"sameAs\":[\"https:\\\/\\\/www.facebook.com\\\/creativecrewagency\",\"https:\\\/\\\/x.com\\\/CreativeCrewAg1\",\"https:\\\/\\\/www.linkedin.com\\\/company\\\/creative-crew-agency\\\/\",\"https:\\\/\\\/www.instagram.com\\\/creativecrewagency1\\\/\"]}]}<\/script>\n<!-- \/ Yoast SEO plugin. -->","yoast_head_json":{"title":"Creative Crew Agency - Agence de Service Complet - Ce qu\u2019on peut vous offrir","description":"Creative Crew b\u00e2ti chaque site web sur mesure selon vos besoins. Suite \u00e0 une consultation avec le client, on se met \u00e0 l\u2019\u0153uvre pour cr\u00e9er un site web qui refl\u00e9tera bien l\u2019image de marque de l\u2019entreprise tout en faisant la promotion des services qu\u2019il offre.","robots":{"index":"index","follow":"follow","max-snippet":"max-snippet:-1","max-image-preview":"max-image-preview:large","max-video-preview":"max-video-preview:-1"},"canonical":"https:\/\/creativecrewagency.com\/fr\/appel-de-soutien\/","og_locale":"fr_FR","og_type":"article","og_title":"Creative Crew Agency - Agence de Service Complet - Ce qu\u2019on peut vous offrir","og_description":"Creative Crew b\u00e2ti chaque site web sur mesure selon vos besoins. Suite \u00e0 une consultation avec le client, on se met \u00e0 l\u2019\u0153uvre pour cr\u00e9er un site web qui refl\u00e9tera bien l\u2019image de marque de l\u2019entreprise tout en faisant la promotion des services qu\u2019il offre.","og_url":"https:\/\/creativecrewagency.com\/fr\/appel-de-soutien\/","og_site_name":"Creative Crew Agency","article_publisher":"https:\/\/www.facebook.com\/creativecrewagency","article_modified_time":"2025-08-06T00:41:36+00:00","og_image":[{"width":1200,"height":628,"url":"https:\/\/creativecrewagency.com\/wp-content\/uploads\/2019\/11\/creative-crew-agency.jpg","type":"image\/jpeg"}],"twitter_card":"summary_large_image","twitter_site":"@CreativeCrewAg1","twitter_misc":{"Dur\u00e9e de lecture estim\u00e9e":"3 minutes"},"schema":{"@context":"https:\/\/schema.org","@graph":[{"@type":"WebPage","@id":"https:\/\/creativecrewagency.com\/fr\/appel-de-soutien\/","url":"https:\/\/creativecrewagency.com\/fr\/appel-de-soutien\/","name":"Creative Crew Agency - Agence de Service Complet - Ce qu\u2019on peut vous offrir","isPartOf":{"@id":"https:\/\/creativecrewagency.com\/fr\/?lang=fr\/#website"},"primaryImageOfPage":{"@id":"https:\/\/creativecrewagency.com\/fr\/appel-de-soutien\/#primaryimage"},"image":{"@id":"https:\/\/creativecrewagency.com\/fr\/appel-de-soutien\/#primaryimage"},"thumbnailUrl":"https:\/\/creativecrewagency.com\/wp-content\/uploads\/2019\/11\/creative-crew-agency.jpg","datePublished":"2025-07-31T17:45:02+00:00","dateModified":"2025-08-06T00:41:36+00:00","description":"Creative Crew b\u00e2ti chaque site web sur mesure selon vos besoins. Suite \u00e0 une consultation avec le client, on se met \u00e0 l\u2019\u0153uvre pour cr\u00e9er un site web qui refl\u00e9tera bien l\u2019image de marque de l\u2019entreprise tout en faisant la promotion des services qu\u2019il offre.","breadcrumb":{"@id":"https:\/\/creativecrewagency.com\/fr\/appel-de-soutien\/#breadcrumb"},"inLanguage":"fr-FR","potentialAction":[{"@type":"ReadAction","target":["https:\/\/creativecrewagency.com\/fr\/appel-de-soutien\/"]}]},{"@type":"ImageObject","inLanguage":"fr-FR","@id":"https:\/\/creativecrewagency.com\/fr\/appel-de-soutien\/#primaryimage","url":"https:\/\/creativecrewagency.com\/wp-content\/uploads\/2019\/11\/creative-crew-agency.jpg","contentUrl":"https:\/\/creativecrewagency.com\/wp-content\/uploads\/2019\/11\/creative-crew-agency.jpg","width":1200,"height":628,"caption":"opengraph image"},{"@type":"BreadcrumbList","@id":"https:\/\/creativecrewagency.com\/fr\/appel-de-soutien\/#breadcrumb","itemListElement":[{"@type":"ListItem","position":1,"name":"Home","item":"https:\/\/creativecrewagency.com\/fr\/"},{"@type":"ListItem","position":2,"name":"Appel de soutien"}]},{"@type":"WebSite","@id":"https:\/\/creativecrewagency.com\/fr\/?lang=fr\/#website","url":"https:\/\/creativecrewagency.com\/fr\/?lang=fr\/","name":"Creative Crew Agency","description":"Virtual Design &amp; Marketing Agency","publisher":{"@id":"https:\/\/creativecrewagency.com\/fr\/?lang=fr\/#organization"},"potentialAction":[{"@type":"SearchAction","target":{"@type":"EntryPoint","urlTemplate":"https:\/\/creativecrewagency.com\/fr\/?lang=fr\/?s={search_term_string}"},"query-input":{"@type":"PropertyValueSpecification","valueRequired":true,"valueName":"search_term_string"}}],"inLanguage":"fr-FR"},{"@type":"Organization","@id":"https:\/\/creativecrewagency.com\/fr\/?lang=fr\/#organization","name":"Creative Crew Agency","url":"https:\/\/creativecrewagency.com\/fr\/?lang=fr\/","logo":{"@type":"ImageObject","inLanguage":"fr-FR","@id":"https:\/\/creativecrewagency.com\/fr\/?lang=fr\/#\/schema\/logo\/image\/","url":"https:\/\/creativecrewagency.com\/wp-content\/uploads\/2016\/03\/67687879_585045168689616_4317583339650285568_n-1.png","contentUrl":"https:\/\/creativecrewagency.com\/wp-content\/uploads\/2016\/03\/67687879_585045168689616_4317583339650285568_n-1.png","width":"512","height":"512","caption":"Creative Crew Agency"},"image":{"@id":"https:\/\/creativecrewagency.com\/fr\/?lang=fr\/#\/schema\/logo\/image\/"},"sameAs":["https:\/\/www.facebook.com\/creativecrewagency","https:\/\/x.com\/CreativeCrewAg1","https:\/\/www.linkedin.com\/company\/creative-crew-agency\/","https:\/\/www.instagram.com\/creativecrewagency1\/"]}]}},"_links":{"self":[{"href":"https:\/\/creativecrewagency.com\/fr\/wp-json\/wp\/v2\/pages\/17368","targetHints":{"allow":["GET"]}}],"collection":[{"href":"https:\/\/creativecrewagency.com\/fr\/wp-json\/wp\/v2\/pages"}],"about":[{"href":"https:\/\/creativecrewagency.com\/fr\/wp-json\/wp\/v2\/types\/page"}],"author":[{"embeddable":true,"href":"https:\/\/creativecrewagency.com\/fr\/wp-json\/wp\/v2\/users\/1"}],"replies":[{"embeddable":true,"href":"https:\/\/creativecrewagency.com\/fr\/wp-json\/wp\/v2\/comments?post=17368"}],"version-history":[{"count":5,"href":"https:\/\/creativecrewagency.com\/fr\/wp-json\/wp\/v2\/pages\/17368\/revisions"}],"predecessor-version":[{"id":18114,"href":"https:\/\/creativecrewagency.com\/fr\/wp-json\/wp\/v2\/pages\/17368\/revisions\/18114"}],"wp:featuredmedia":[{"embeddable":true,"href":"https:\/\/creativecrewagency.com\/fr\/wp-json\/wp\/v2\/media\/5148"}],"wp:attachment":[{"href":"https:\/\/creativecrewagency.com\/fr\/wp-json\/wp\/v2\/media?parent=17368"}],"curies":[{"name":"wp","href":"https:\/\/api.w.org\/{rel}","templated":true}]}}